{"id":240,"date":"2024-09-05T16:32:23","date_gmt":"2024-09-05T13:32:23","guid":{"rendered":"http:\/\/www.abundantiatechnology.com\/?page_id=240"},"modified":"2024-11-12T13:34:23","modified_gmt":"2024-11-12T13:34:23","slug":"tarim-urunleri","status":"publish","type":"page","link":"http:\/\/www.abundantiatechnology.com\/?page_id=240","title":{"rendered":"Tar\u0131m \u00dcr\u00fcnleri"},"content":{"rendered":"","protected":false},"excerpt":{"rendered":"","protected":false},"author":1,"featured_media":0,"parent":0,"menu_order":0,"comment_status":"closed","ping_status":"closed","template":"","meta":{"content-type":"","footnotes":""},"class_list":["post-240","page","type-page","status-publish","hentry"],"_links":{"self":[{"href":"http:\/\/www.abundantiatechnology.com\/index.php?rest_route=\/wp\/v2\/pages\/240","targetHints":{"allow":["GET"]}}],"collection":[{"href":"http:\/\/www.abundantiatechnology.com\/index.php?rest_route=\/wp\/v2\/pages"}],"about":[{"href":"http:\/\/www.abundantiatechnology.com\/index.php?rest_route=\/wp\/v2\/types\/page"}],"author":[{"embeddable":true,"href":"http:\/\/www.abundantiatechnology.com\/index.php?rest_route=\/wp\/v2\/users\/1"}],"replies":[{"embeddable":true,"href":"http:\/\/www.abundantiatechnology.com\/index.php?rest_route=%2Fwp%2Fv2%2Fcomments&post=240"}],"version-history":[{"count":1,"href":"http:\/\/www.abundantiatechnology.com\/index.php?rest_route=\/wp\/v2\/pages\/240\/revisions"}],"predecessor-version":[{"id":244,"href":"http:\/\/www.abundantiatechnology.com\/index.php?rest_route=\/wp\/v2\/pages\/240\/revisions\/244"}],"wp:attachment":[{"href":"http:\/\/www.abundantiatechnology.com\/index.php?rest_route=%2Fwp%2Fv2%2Fmedia&parent=240"}],"curies":[{"name":"wp","href":"https:\/\/api.w.org\/{rel}","templated":true}]}}